{"id":133,"date":"2020-08-10T01:20:32","date_gmt":"2020-08-10T01:20:32","guid":{"rendered":"http:\/\/luisfernandoramirezmontoya.com\/?page_id=133"},"modified":"2021-05-13T22:11:31","modified_gmt":"2021-05-13T22:11:31","slug":"home","status":"publish","type":"page","link":"https:\/\/luisfernandoramirezmontoya.com\/","title":{"rendered":"Home"},"content":{"rendered":"\t\t<div data-elementor-type=\"wp-page\" data-elementor-id=\"133\" class=\"elementor elementor-133\">\n\t\t\t\t\t\t<section class=\"elementor-section elementor-top-section elementor-element elementor-element-7c2d1a93 elementor-section-boxed elementor-section-height-default elementor-section-height-default\" data-id=\"7c2d1a93\" data-element_type=\"section\" data-settings=\"{&quot;background_background&quot;:&quot;classic&quot;}\">\n\t\t\t\t\t\t\t<div class=\"elementor-background-overlay\"><\/div>\n\t\t\t\t\t\t\t<div class=\"elementor-container elementor-column-gap-default\">\n\t\t\t\t\t<div class=\"elementor-column elementor-col-100 elementor-top-column elementor-element elementor-element-23ef1336\" data-id=\"23ef1336\" data-element_type=\"column\">\n\t\t\t<div class=\"elementor-widget-wrap elementor-element-populated\">\n\t\t\t\t\t\t<section class=\"elementor-section elementor-inner-section elementor-element elementor-element-77d24772 elementor-section-boxed elementor-section-height-default elementor-section-height-default\" data-id=\"77d24772\" data-element_type=\"section\" data-settings=\"{&quot;background_background&quot;:&quot;classic&quot;}\">\n\t\t\t\t\t\t<div class=\"elementor-container elementor-column-gap-default\">\n\t\t\t\t\t<div class=\"elementor-column elementor-col-50 elementor-inner-column elementor-element elementor-element-7360cc8f\" data-id=\"7360cc8f\" data-element_type=\"column\">\n\t\t\t<div class=\"elementor-widget-wrap elementor-element-populated\">\n\t\t\t\t\t\t<div class=\"elementor-element elementor-element-3cfe3209 elementor-widget elementor-widget-image\" data-id=\"3cfe3209\" data-element_type=\"widget\" data-widget_type=\"image.default\">\n\t\t\t\t<div class=\"elementor-widget-container\">\n\t\t\t\t\t\t\t\t\t\t\t\t\t<img fetchpriority=\"high\" decoding=\"async\" width=\"580\" height=\"90\" src=\"https:\/\/luisfernandoramirezmontoya.com\/wp-content\/uploads\/2020\/08\/Luis-Fernando-Ramirez-Montoya-1-e1597026066768.png\" class=\"attachment-large size-large wp-image-160\" alt=\"\" srcset=\"https:\/\/luisfernandoramirezmontoya.com\/wp-content\/uploads\/2020\/08\/Luis-Fernando-Ramirez-Montoya-1-e1597026066768.png 800w, https:\/\/luisfernandoramirezmontoya.com\/wp-content\/uploads\/2020\/08\/Luis-Fernando-Ramirez-Montoya-1-e1597026066768-300x47.png 300w, https:\/\/luisfernandoramirezmontoya.com\/wp-content\/uploads\/2020\/08\/Luis-Fernando-Ramirez-Montoya-1-e1597026066768-768x119.png 768w\" sizes=\"(max-width: 580px) 100vw, 580px\" \/>\t\t\t\t\t\t\t\t\t\t\t\t\t<\/div>\n\t\t\t\t<\/div>\n\t\t\t\t\t<\/div>\n\t\t<\/div>\n\t\t\t\t<div class=\"elementor-column elementor-col-50 elementor-inner-column elementor-element elementor-element-3ebbb6f7\" data-id=\"3ebbb6f7\" data-element_type=\"column\">\n\t\t\t<div class=\"elementor-widget-wrap elementor-element-populated\">\n\t\t\t\t\t\t<div class=\"elementor-element elementor-element-6ddf279c elementor-widget__width-auto elementor-widget elementor-widget-button\" data-id=\"6ddf279c\" data-element_type=\"widget\" data-widget_type=\"button.default\">\n\t\t\t\t<div class=\"elementor-widget-container\">\n\t\t\t\t\t\t\t<div class=\"elementor-button-wrapper\">\n\t\t\t\t\t<a class=\"elementor-button elementor-button-link elementor-size-sm\" href=\"#\">\n\t\t\t\t\t\t<span class=\"elementor-button-content-wrapper\">\n\t\t\t\t\t\t\t\t\t<span class=\"elementor-button-text\">inicio<\/span>\n\t\t\t\t\t<\/span>\n\t\t\t\t\t<\/a>\n\t\t\t\t<\/div>\n\t\t\t\t\t\t<\/div>\n\t\t\t\t<\/div>\n\t\t\t\t<div class=\"elementor-element elementor-element-50af701d elementor-widget__width-auto elementor-widget elementor-widget-button\" data-id=\"50af701d\" data-element_type=\"widget\" data-widget_type=\"button.default\">\n\t\t\t\t<div class=\"elementor-widget-container\">\n\t\t\t\t\t\t\t<div class=\"elementor-button-wrapper\">\n\t\t\t\t\t<a class=\"elementor-button elementor-button-link elementor-size-sm\" href=\"#\">\n\t\t\t\t\t\t<span class=\"elementor-button-content-wrapper\">\n\t\t\t\t\t\t\t\t\t<span class=\"elementor-button-text\">Contacto<\/span>\n\t\t\t\t\t<\/span>\n\t\t\t\t\t<\/a>\n\t\t\t\t<\/div>\n\t\t\t\t\t\t<\/div>\n\t\t\t\t<\/div>\n\t\t\t\t\t<\/div>\n\t\t<\/div>\n\t\t\t\t\t<\/div>\n\t\t<\/section>\n\t\t\t\t\t<\/div>\n\t\t<\/div>\n\t\t\t\t\t<\/div>\n\t\t<\/section>\n\t\t\t\t<section class=\"elementor-section elementor-top-section elementor-element elementor-element-2b400608 elementor-section-boxed elementor-section-height-default elementor-section-height-default\" data-id=\"2b400608\" data-element_type=\"section\">\n\t\t\t\t\t\t<div class=\"elementor-container elementor-column-gap-default\">\n\t\t\t\t\t<div class=\"elementor-column elementor-col-100 elementor-top-column elementor-element elementor-element-4ba42cfd\" data-id=\"4ba42cfd\" data-element_type=\"column\" data-settings=\"{&quot;background_background&quot;:&quot;classic&quot;}\">\n\t\t\t<div class=\"elementor-widget-wrap elementor-element-populated\">\n\t\t\t\t\t\t<section class=\"elementor-section elementor-inner-section elementor-element elementor-element-174efe82 elementor-section-boxed elementor-section-height-default elementor-section-height-default\" data-id=\"174efe82\" data-element_type=\"section\" data-settings=\"{&quot;background_background&quot;:&quot;classic&quot;}\">\n\t\t\t\t\t\t\t<div class=\"elementor-background-overlay\"><\/div>\n\t\t\t\t\t\t\t<div class=\"elementor-container elementor-column-gap-default\">\n\t\t\t\t\t<div class=\"elementor-column elementor-col-100 elementor-inner-column elementor-element elementor-element-56364944\" data-id=\"56364944\" data-element_type=\"column\">\n\t\t\t<div class=\"elementor-widget-wrap elementor-element-populated\">\n\t\t\t\t\t\t<div class=\"elementor-element elementor-element-2cd1db93 elementor-widget elementor-widget-heading\" data-id=\"2cd1db93\" data-element_type=\"widget\" data-widget_type=\"heading.default\">\n\t\t\t\t<div class=\"elementor-widget-container\">\n\t\t\t<h2 class=\"elementor-heading-title elementor-size-default\">Luis fernando ram\u00edrez montoya<br>- en reorganizaci\u00f3n -<\/h2>\t\t<\/div>\n\t\t\t\t<\/div>\n\t\t\t\t<div class=\"elementor-element elementor-element-159d4871 elementor-widget-divider--view-line elementor-widget elementor-widget-divider\" data-id=\"159d4871\" data-element_type=\"widget\" data-widget_type=\"divider.default\">\n\t\t\t\t<div class=\"elementor-widget-container\">\n\t\t\t\t\t<div class=\"elementor-divider\">\n\t\t\t<span class=\"elementor-divider-separator\">\n\t\t\t\t\t\t<\/span>\n\t\t<\/div>\n\t\t\t\t<\/div>\n\t\t\t\t<\/div>\n\t\t\t\t\t<\/div>\n\t\t<\/div>\n\t\t\t\t\t<\/div>\n\t\t<\/section>\n\t\t\t\t<section class=\"elementor-section elementor-inner-section elementor-element elementor-element-4d811763 elementor-section-boxed elementor-section-height-default elementor-section-height-default\" data-id=\"4d811763\" data-element_type=\"section\">\n\t\t\t\t\t\t<div class=\"elementor-container elementor-column-gap-default\">\n\t\t\t\t\t<div class=\"elementor-column elementor-col-100 elementor-inner-column elementor-element elementor-element-3ae9c504\" data-id=\"3ae9c504\" data-element_type=\"column\">\n\t\t\t<div class=\"elementor-widget-wrap elementor-element-populated\">\n\t\t\t\t\t\t<div class=\"elementor-element elementor-element-33f4e24b elementor-widget elementor-widget-text-editor\" data-id=\"33f4e24b\" data-element_type=\"widget\" data-widget_type=\"text-editor.default\">\n\t\t\t\t<div class=\"elementor-widget-container\">\n\t\t\t\t\t\t\t<p><strong>L<span style=\"text-align: inherit;\">uis Fernando Ram\u00edrez Montoya &#8211; EN REORGANIZACI\u00d3N &#8211;<\/span><\/strong><\/p><p><span style=\"color: #000000;\">Celular: <\/span>3153306063<\/p><p>mail:\u00a0 luisf.ramirez@gctolimense.com<\/p><p>mail:\u00a0 luisfernandoramirez58@gmail.com<\/p><p>Direcci\u00f3n:\u00a0 Calle 127 D Bis A No. 92 A-05 Piso 3 &#8211; Bogot\u00e1<\/p><p>\u00a0<\/p><p style=\"text-align: center;\"><strong>-.-.-.-.-.-.-.-.-.-.-.-.-.-.-.-.-.-.-.-.-.-.-.-.-.-.-.-.-.-.-.-.-.-.-.-.-.-.-<\/strong><\/p><p><strong>APODERADO:<\/strong><\/p><p>Juan\u00a0 Carlos Uraz\u00e1n Aramendiz<\/p><p>jcurazan@urazanabogados.com<\/p><p>Calle 24 A No. 59-42 Edificio T3 Oficina 206 &#8211; Villavicencio<\/p><p style=\"text-align: center;\"><strong>-.-.-.-.-.-.-.-.-.-.-.-.-.-.-.-.-.-.-.-.-.-.-.-.-.-.-.-.-.-.-.-.-.-.-.-.-.-.-<\/strong><\/p><p><strong>PROMOTOR:\u00a0<\/strong><\/p><p>Alberto Jos\u00e9 Rojas Robles<\/p><p>arojas12@hotmail.com<\/p><p>Celular: 3153331741<\/p><p>Calle 93 No. 12-62 Oficina 305- Bogot\u00e1<\/p>\t\t\t\t\t\t<\/div>\n\t\t\t\t<\/div>\n\t\t\t\t\t<\/div>\n\t\t<\/div>\n\t\t\t\t\t<\/div>\n\t\t<\/section>\n\t\t\t\t\t<\/div>\n\t\t<\/div>\n\t\t\t\t\t<\/div>\n\t\t<\/section>\n\t\t\t\t<section class=\"elementor-section elementor-top-section elementor-element elementor-element-4ab3ffad elementor-section-boxed elementor-section-height-default elementor-section-height-default\" data-id=\"4ab3ffad\" data-element_type=\"section\">\n\t\t\t\t\t\t<div class=\"elementor-container elementor-column-gap-default\">\n\t\t\t\t\t<div class=\"elementor-column elementor-col-100 elementor-top-column elementor-element elementor-element-25454ad9\" data-id=\"25454ad9\" data-element_type=\"column\">\n\t\t\t<div class=\"elementor-widget-wrap elementor-element-populated\">\n\t\t\t\t\t\t<div class=\"elementor-element elementor-element-1f89a506 elementor-widget elementor-widget-heading\" data-id=\"1f89a506\" data-element_type=\"widget\" data-widget_type=\"heading.default\">\n\t\t\t\t<div class=\"elementor-widget-container\">\n\t\t\t<h2 class=\"elementor-heading-title elementor-size-default\">Informaci\u00f3n de inter\u00e9s<\/h2>\t\t<\/div>\n\t\t\t\t<\/div>\n\t\t\t\t<div class=\"elementor-element elementor-element-265e4991 elementor-widget-divider--view-line elementor-widget elementor-widget-divider\" data-id=\"265e4991\" data-element_type=\"widget\" data-widget_type=\"divider.default\">\n\t\t\t\t<div class=\"elementor-widget-container\">\n\t\t\t\t\t<div class=\"elementor-divider\">\n\t\t\t<span class=\"elementor-divider-separator\">\n\t\t\t\t\t\t<\/span>\n\t\t<\/div>\n\t\t\t\t<\/div>\n\t\t\t\t<\/div>\n\t\t\t\t<section class=\"elementor-section elementor-inner-section elementor-element elementor-element-e48405a elementor-section-boxed elementor-section-height-default elementor-section-height-default\" data-id=\"e48405a\" data-element_type=\"section\">\n\t\t\t\t\t\t<div class=\"elementor-container elementor-column-gap-default\">\n\t\t\t\t\t<div class=\"elementor-column elementor-col-33 elementor-inner-column elementor-element elementor-element-6fe123f4\" data-id=\"6fe123f4\" data-element_type=\"column\" data-settings=\"{&quot;background_background&quot;:&quot;gradient&quot;}\">\n\t\t\t<div class=\"elementor-widget-wrap elementor-element-populated\">\n\t\t\t\t\t\t<div class=\"elementor-element elementor-element-787a462 elementor-widget elementor-widget-image\" data-id=\"787a462\" data-element_type=\"widget\" data-widget_type=\"image.default\">\n\t\t\t\t<div class=\"elementor-widget-container\">\n\t\t\t\t\t\t\t\t\t\t\t\t\t<img decoding=\"async\" src=\"https:\/\/luisfernandoramirezmontoya.com\/wp-content\/uploads\/2020\/08\/justice-law-and-legal-concept-judge-gavel-and-law-books-.jpg\" title=\"Justice, law and legal concept. Judge gavel and law books.\" alt=\"Justice, law and legal concept. Judge gavel and law books.\" loading=\"lazy\" \/>\t\t\t\t\t\t\t\t\t\t\t\t\t<\/div>\n\t\t\t\t<\/div>\n\t\t\t\t<div class=\"elementor-element elementor-element-2e907836 elementor-widget elementor-widget-heading\" data-id=\"2e907836\" data-element_type=\"widget\" data-widget_type=\"heading.default\">\n\t\t\t\t<div class=\"elementor-widget-container\">\n\t\t\t<h4 class=\"elementor-heading-title elementor-size-default\">Auto de Admisi\u00f3n<\/h4>\t\t<\/div>\n\t\t\t\t<\/div>\n\t\t\t\t<div class=\"elementor-element elementor-element-3f4b177c elementor-widget-divider--view-line elementor-widget elementor-widget-divider\" data-id=\"3f4b177c\" data-element_type=\"widget\" data-widget_type=\"divider.default\">\n\t\t\t\t<div class=\"elementor-widget-container\">\n\t\t\t\t\t<div class=\"elementor-divider\">\n\t\t\t<span class=\"elementor-divider-separator\">\n\t\t\t\t\t\t<\/span>\n\t\t<\/div>\n\t\t\t\t<\/div>\n\t\t\t\t<\/div>\n\t\t\t\t<div class=\"elementor-element elementor-element-c88759e elementor-align-center elementor-mobile-align-justify elementor-widget elementor-widget-button\" data-id=\"c88759e\" data-element_type=\"widget\" data-widget_type=\"button.default\">\n\t\t\t\t<div class=\"elementor-widget-container\">\n\t\t\t\t\t\t\t<div class=\"elementor-button-wrapper\">\n\t\t\t\t\t<a class=\"elementor-button elementor-button-link elementor-size-sm\" href=\"http:\/\/luisfernandoramirezmontoya.com\/wp-content\/uploads\/2020\/08\/2020-01-129207-LUIS-FERNANDO-RAMI\u0301REZ-AUTO-DE-ADMISIO\u0301N.pdf\" target=\"_blank\">\n\t\t\t\t\t\t<span class=\"elementor-button-content-wrapper\">\n\t\t\t\t\t\t\t\t\t<span class=\"elementor-button-text\">Leer<\/span>\n\t\t\t\t\t<\/span>\n\t\t\t\t\t<\/a>\n\t\t\t\t<\/div>\n\t\t\t\t\t\t<\/div>\n\t\t\t\t<\/div>\n\t\t\t\t\t<\/div>\n\t\t<\/div>\n\t\t\t\t<div class=\"elementor-column elementor-col-33 elementor-inner-column elementor-element elementor-element-2c6b4ad2\" data-id=\"2c6b4ad2\" data-element_type=\"column\" data-settings=\"{&quot;background_background&quot;:&quot;gradient&quot;}\">\n\t\t\t<div class=\"elementor-widget-wrap elementor-element-populated\">\n\t\t\t\t\t\t<div class=\"elementor-element elementor-element-52a429e3 elementor-widget elementor-widget-image\" data-id=\"52a429e3\" data-element_type=\"widget\" data-widget_type=\"image.default\">\n\t\t\t\t<div class=\"elementor-widget-container\">\n\t\t\t\t\t\t\t\t\t\t\t\t\t<img decoding=\"async\" src=\"https:\/\/luisfernandoramirezmontoya.com\/wp-content\/uploads\/2020\/08\/the-lawyer-is-currently-providing-legal-advice-on-real-estate-trading-.jpg\" title=\"The lawyer is currently providing legal advice on real estate trading.\" alt=\"The lawyer is currently providing legal advice on real estate trading.\" loading=\"lazy\" \/>\t\t\t\t\t\t\t\t\t\t\t\t\t<\/div>\n\t\t\t\t<\/div>\n\t\t\t\t<div class=\"elementor-element elementor-element-4738e703 elementor-widget elementor-widget-heading\" data-id=\"4738e703\" data-element_type=\"widget\" data-widget_type=\"heading.default\">\n\t\t\t\t<div class=\"elementor-widget-container\">\n\t\t\t<h4 class=\"elementor-heading-title elementor-size-default\">Aviso de Reorganizaci\u00f3n<\/h4>\t\t<\/div>\n\t\t\t\t<\/div>\n\t\t\t\t<div class=\"elementor-element elementor-element-309fdf5b elementor-widget-divider--view-line elementor-widget elementor-widget-divider\" data-id=\"309fdf5b\" data-element_type=\"widget\" data-widget_type=\"divider.default\">\n\t\t\t\t<div class=\"elementor-widget-container\">\n\t\t\t\t\t<div class=\"elementor-divider\">\n\t\t\t<span class=\"elementor-divider-separator\">\n\t\t\t\t\t\t<\/span>\n\t\t<\/div>\n\t\t\t\t<\/div>\n\t\t\t\t<\/div>\n\t\t\t\t<div class=\"elementor-element elementor-element-79e6dec0 elementor-align-center elementor-mobile-align-justify elementor-widget elementor-widget-button\" data-id=\"79e6dec0\" data-element_type=\"widget\" data-widget_type=\"button.default\">\n\t\t\t\t<div class=\"elementor-widget-container\">\n\t\t\t\t\t\t\t<div class=\"elementor-button-wrapper\">\n\t\t\t\t\t<a class=\"elementor-button elementor-button-link elementor-size-sm\" href=\"http:\/\/luisfernandoramirezmontoya.com\/wp-content\/uploads\/2020\/08\/2020-01-382935-LUIS-FERNANDO-RAMI\u0301REZ-MONTOYA-SS30072020-AVISO-REORGANIZACIO\u0301N-415-000220.pdf\" target=\"_blank\">\n\t\t\t\t\t\t<span class=\"elementor-button-content-wrapper\">\n\t\t\t\t\t\t\t\t\t<span class=\"elementor-button-text\">Leer<\/span>\n\t\t\t\t\t<\/span>\n\t\t\t\t\t<\/a>\n\t\t\t\t<\/div>\n\t\t\t\t\t\t<\/div>\n\t\t\t\t<\/div>\n\t\t\t\t\t<\/div>\n\t\t<\/div>\n\t\t\t\t<div class=\"elementor-column elementor-col-33 elementor-inner-column elementor-element elementor-element-3b1965dc\" data-id=\"3b1965dc\" data-element_type=\"column\" data-settings=\"{&quot;background_background&quot;:&quot;gradient&quot;}\">\n\t\t\t<div class=\"elementor-widget-wrap elementor-element-populated\">\n\t\t\t\t\t\t<div class=\"elementor-element elementor-element-6aa9b625 elementor-widget elementor-widget-image\" data-id=\"6aa9b625\" data-element_type=\"widget\" data-widget_type=\"image.default\">\n\t\t\t\t<div class=\"elementor-widget-container\">\n\t\t\t\t\t\t\t\t\t\t\t\t\t<img decoding=\"async\" src=\"https:\/\/luisfernandoramirezmontoya.com\/wp-content\/uploads\/2020\/08\/open-law-book-with-a-judges-gavel.jpg\" title=\"Open law book with a judges gavel\" alt=\"Open law book with a judges gavel\" loading=\"lazy\" \/>\t\t\t\t\t\t\t\t\t\t\t\t\t<\/div>\n\t\t\t\t<\/div>\n\t\t\t\t<div class=\"elementor-element elementor-element-21436fcf elementor-widget elementor-widget-heading\" data-id=\"21436fcf\" data-element_type=\"widget\" data-widget_type=\"heading.default\">\n\t\t\t\t<div class=\"elementor-widget-container\">\n\t\t\t<h4 class=\"elementor-heading-title elementor-size-default\">Estados Financieros LFRM dic 31 2020<\/h4>\t\t<\/div>\n\t\t\t\t<\/div>\n\t\t\t\t<div class=\"elementor-element elementor-element-b46f817 elementor-widget-divider--view-line elementor-widget elementor-widget-divider\" data-id=\"b46f817\" data-element_type=\"widget\" data-widget_type=\"divider.default\">\n\t\t\t\t<div class=\"elementor-widget-container\">\n\t\t\t\t\t<div class=\"elementor-divider\">\n\t\t\t<span class=\"elementor-divider-separator\">\n\t\t\t\t\t\t<\/span>\n\t\t<\/div>\n\t\t\t\t<\/div>\n\t\t\t\t<\/div>\n\t\t\t\t<div class=\"elementor-element elementor-element-5360f687 elementor-align-center elementor-mobile-align-justify elementor-widget elementor-widget-button\" data-id=\"5360f687\" data-element_type=\"widget\" data-widget_type=\"button.default\">\n\t\t\t\t<div class=\"elementor-widget-container\">\n\t\t\t\t\t\t\t<div class=\"elementor-button-wrapper\">\n\t\t\t\t\t<a class=\"elementor-button elementor-button-link elementor-size-sm\" href=\"http:\/\/luisfernandoramirezmontoya.com\/wp-content\/uploads\/2021\/05\/ESTADOS-FINANCIEROS-DIC-31-2020-LUIS-FERNANDO-RAMIREZ-MONTOYA.pdf\">\n\t\t\t\t\t\t<span class=\"elementor-button-content-wrapper\">\n\t\t\t\t\t\t\t\t\t<span class=\"elementor-button-text\">Leer<\/span>\n\t\t\t\t\t<\/span>\n\t\t\t\t\t<\/a>\n\t\t\t\t<\/div>\n\t\t\t\t\t\t<\/div>\n\t\t\t\t<\/div>\n\t\t\t\t\t<\/div>\n\t\t<\/div>\n\t\t\t\t\t<\/div>\n\t\t<\/section>\n\t\t\t\t\t<\/div>\n\t\t<\/div>\n\t\t\t\t\t<\/div>\n\t\t<\/section>\n\t\t\t\t<\/div>\n\t\t","protected":false},"excerpt":{"rendered":"<p>inicio Contacto Luis fernando ram\u00edrez montoya&#8211; en reorganizaci\u00f3n &#8211; Luis Fernando Ram\u00edrez Montoya &#8211; EN REORGANIZACI\u00d3N &#8211; Celular: 3153306063 mail:\u00a0 luisf.ramirez@gctolimense.com mail:\u00a0 luisfernandoramirez58@gmail.com Direcci\u00f3n:\u00a0 Calle 127 D Bis A No. 92 A-05 Piso 3 &#8211; Bogot\u00e1 \u00a0 -.-.-.-.-.-.-.-.-.-.-.-.-.-.-.-.-.-.-.-.-.-.-.-.-.-.-.-.-.-.-.-.-.-.-.-.-.-.- APODERADO: Juan\u00a0 Carlos Uraz\u00e1n Aramendiz jcurazan@urazanabogados.com Calle 24 A No. 59-42 Edificio T3 Oficina 206 &#8211; Villavicencio [&hellip;]<\/p>\n","protected":false},"author":1,"featured_media":0,"parent":0,"menu_order":0,"comment_status":"closed","ping_status":"closed","template":"elementor_canvas","meta":{"footnotes":""},"class_list":["post-133","page","type-page","status-publish","hentry"],"jetpack_sharing_enabled":true,"_links":{"self":[{"href":"https:\/\/luisfernandoramirezmontoya.com\/index.php?rest_route=\/wp\/v2\/pages\/133","targetHints":{"allow":["GET"]}}],"collection":[{"href":"https:\/\/luisfernandoramirezmontoya.com\/index.php?rest_route=\/wp\/v2\/pages"}],"about":[{"href":"https:\/\/luisfernandoramirezmontoya.com\/index.php?rest_route=\/wp\/v2\/types\/page"}],"author":[{"embeddable":true,"href":"https:\/\/luisfernandoramirezmontoya.com\/index.php?rest_route=\/wp\/v2\/users\/1"}],"replies":[{"embeddable":true,"href":"https:\/\/luisfernandoramirezmontoya.com\/index.php?rest_route=%2Fwp%2Fv2%2Fcomments&post=133"}],"version-history":[{"count":17,"href":"https:\/\/luisfernandoramirezmontoya.com\/index.php?rest_route=\/wp\/v2\/pages\/133\/revisions"}],"predecessor-version":[{"id":177,"href":"https:\/\/luisfernandoramirezmontoya.com\/index.php?rest_route=\/wp\/v2\/pages\/133\/revisions\/177"}],"wp:attachment":[{"href":"https:\/\/luisfernandoramirezmontoya.com\/index.php?rest_route=%2Fwp%2Fv2%2Fmedia&parent=133"}],"curies":[{"name":"wp","href":"https:\/\/api.w.org\/{rel}","templated":true}]}}